{"id":872,"date":"2025-01-31T12:46:55","date_gmt":"2025-01-31T11:46:55","guid":{"rendered":"https:\/\/www.physidia.com\/?page_id=872"},"modified":"2025-07-14T15:27:31","modified_gmt":"2025-07-14T13:27:31","slug":"espace-prive-partenaires","status":"publish","type":"page","link":"http:\/\/ksa.physidia.com\/es\/socios\/espace-prive-partenaires\/","title":{"rendered":"Espacio privado para socios"},"content":{"rendered":"<div data-elementor-type=\"wp-page\" data-elementor-id=\"872\" class=\"elementor elementor-872\" data-elementor-post-type=\"page\">\n\t\t\t\t<div class=\"elementor-element elementor-element-8c411ba e-flex e-con-boxed e-con e-parent\" data-id=\"8c411ba\" data-element_type=\"container\" data-e-type=\"container\" data-settings=\"{&quot;background_background&quot;:&quot;classic&quot;}\">\n\t\t\t\t\t<div class=\"e-con-inner\">\n\t\t\t\t<div class=\"elementor-element elementor-element-41d88ba elementor-widget elementor-widget-shortcode\" data-id=\"41d88ba\" data-element_type=\"widget\" data-e-type=\"widget\" data-widget_type=\"shortcode.default\">\n\t\t\t\t<div class=\"elementor-widget-container\">\n\t\t\t\t\t\t\t<div class=\"elementor-shortcode\"><span><span><a href=\"https:\/\/physidia.com\/en\/\"><img decoding=\"async\" alt=\"Inicio\" src=\"https:\/\/www.physidia.com\/wp-content\/themes\/hello-theme-child-master\/img\/home.svg\" class=\"home-breadcrumb\" \/> Inicio<\/a><\/span><\/span><\/div>\n\t\t\t\t\t\t<\/div>\n\t\t\t\t<\/div>\n\t\t\t\t\t<\/div>\n\t\t\t\t<\/div>\n\t\t<div class=\"elementor-element elementor-element-4789f343 e-flex e-con-boxed e-con e-parent\" data-id=\"4789f343\" data-element_type=\"container\" data-e-type=\"container\" data-settings=\"{&quot;background_background&quot;:&quot;classic&quot;}\">\n\t\t\t\t\t<div class=\"e-con-inner\">\n\t\t\t\t<div class=\"elementor-element elementor-element-533c3633 elementor-widget elementor-widget-text-editor\" data-id=\"533c3633\" data-element_type=\"widget\" data-e-type=\"widget\" data-widget_type=\"text-editor.default\">\n\t\t\t\t<div class=\"elementor-widget-container\">\n\t\t\t\t\t\t\t\t\t<h1 style=\"text-align: center;\"><span style=\"color: #004c7c;\"><strong>COMING SOON<\/strong><\/span><\/h1><p style=\"text-align: center;\">L\u2019espace priv\u00e9 sera bient\u00f4t disponible afin de vous offrir une exp\u00e9rience optimis\u00e9e.<\/p><h3 style=\"text-align: center;\"><strong>Besoin d\u2019un acc\u00e8s ?<\/strong><\/h3><p style=\"text-align: center;\" class=\"translation-block\"><br>Rapprochez-vous de votre <strong>Repr\u00e9sentant Commercial Physidia&nbsp;<\/strong>pour en faire la demande. Nous vous tiendrons inform\u00e9(e)s de la mise en ligne officielle de votre espace.<br>D\u00e8s que votre espace sera disponible, vous recevrez un <strong>e-mail de notification&nbsp;<\/strong>avec les instructions pour acc\u00e9der \u00e0 votre compte.<\/p>\t\t\t\t\t\t\t\t<\/div>\n\t\t\t\t<\/div>\n\t\t\t\t\t<\/div>\n\t\t\t\t<\/div>\n\t\t\t\t<\/div>","protected":false},"excerpt":{"rendered":"<p>COMING SOON L\u2019espace priv\u00e9 sera bient\u00f4t disponible afin de vous offrir une exp\u00e9rience optimis\u00e9e. Besoin d\u2019un acc\u00e8s ? Rapprochez-vous de votre Repr\u00e9sentant Commercial Physidia\u00a0pour en faire la demande. Nous vous tiendrons inform\u00e9(e)s de la mise en ligne officielle de votre espace.D\u00e8s que votre espace sera disponible, vous recevrez un e-mail de notification\u00a0avec les instructions pour acc\u00e9der \u00e0 votre compte.<\/p>","protected":false},"author":1,"featured_media":0,"parent":66,"menu_order":0,"comment_status":"closed","ping_status":"closed","template":"","meta":{"_acf_changed":false,"footnotes":""},"class_list":["post-872","page","type-page","status-publish","hentry"],"acf":[],"yoast_head":"<!-- This site is optimized with the Yoast SEO Premium plugin v27.3 (Yoast SEO v27.4) - https:\/\/yoast.com\/product\/yoast-seo-premium-wordpress\/ -->\n<title>Espace Priv\u00e9 - Partenaires Physidia - H\u00e9modialyse \u00e0 Domicile<\/title>\n<meta name=\"description\" content=\"Acc\u00e9dez \u00e0 l\u2019espace priv\u00e9 partenaires de Physidia\u202f: un portail s\u00e9curis\u00e9 pour consulter documents techniques, supports de formation, mises \u00e0 jour produits et ressources marketing d\u00e9di\u00e9s.\" \/>\n<meta name=\"robots\" content=\"index, follow, max-snippet:-1, max-image-preview:large, max-video-preview:-1\" \/>\n<link rel=\"canonical\" href=\"https:\/\/physidia.com\/partenaires\/espace-prive-partenaires\/\" \/>\n<meta property=\"og:locale\" content=\"es_ES\" \/>\n<meta property=\"og:type\" content=\"article\" \/>\n<meta property=\"og:title\" content=\"Espace priv\u00e9 partenaire\" \/>\n<meta property=\"og:description\" content=\"Acc\u00e9dez \u00e0 l\u2019espace priv\u00e9 partenaires de Physidia\u202f: un portail s\u00e9curis\u00e9 pour consulter documents techniques, supports de formation, mises \u00e0 jour produits et ressources marketing d\u00e9di\u00e9s.\" \/>\n<meta property=\"og:url\" content=\"https:\/\/physidia.com\/partenaires\/espace-prive-partenaires\/\" \/>\n<meta property=\"og:site_name\" content=\"Physidia\" \/>\n<meta property=\"article:publisher\" content=\"https:\/\/www.facebook.com\/Physidia\" \/>\n<meta property=\"article:modified_time\" content=\"2025-07-14T13:27:31+00:00\" \/>\n<meta property=\"og:image\" content=\"http:\/\/ksa.physidia.com\/wp-content\/uploads\/2024\/12\/logo-physidia.webp\" \/>\n\t<meta property=\"og:image:width\" content=\"281\" \/>\n\t<meta property=\"og:image:height\" content=\"283\" \/>\n\t<meta property=\"og:image:type\" content=\"image\/webp\" \/>\n<meta name=\"twitter:card\" content=\"summary_large_image\" \/>\n<meta name=\"twitter:label1\" content=\"Est. reading time\" \/>\n\t<meta name=\"twitter:data1\" content=\"1 minute\" \/>\n<script type=\"application\/ld+json\" class=\"yoast-schema-graph\">{\"@context\":\"https:\\\/\\\/schema.org\",\"@graph\":[{\"@type\":\"WebPage\",\"@id\":\"https:\\\/\\\/physidia.com\\\/partenaires\\\/espace-prive-partenaires\\\/\",\"url\":\"https:\\\/\\\/physidia.com\\\/partenaires\\\/espace-prive-partenaires\\\/\",\"name\":\"Espace Priv\u00e9 - Partenaires Physidia - H\u00e9modialyse \u00e0 Domicile\",\"isPartOf\":{\"@id\":\"https:\\\/\\\/physidia.com\\\/en\\\/#website\"},\"datePublished\":\"2025-01-31T11:46:55+00:00\",\"dateModified\":\"2025-07-14T13:27:31+00:00\",\"description\":\"Acc\u00e9dez \u00e0 l\u2019espace priv\u00e9 partenaires de Physidia\u202f: un portail s\u00e9curis\u00e9 pour consulter documents techniques, supports de formation, mises \u00e0 jour produits et ressources marketing d\u00e9di\u00e9s.\",\"breadcrumb\":{\"@id\":\"https:\\\/\\\/physidia.com\\\/partenaires\\\/espace-prive-partenaires\\\/#breadcrumb\"},\"inLanguage\":\"es-ES\",\"potentialAction\":[{\"@type\":\"ReadAction\",\"target\":[\"https:\\\/\\\/physidia.com\\\/partenaires\\\/espace-prive-partenaires\\\/\"]}]},{\"@type\":\"BreadcrumbList\",\"@id\":\"https:\\\/\\\/physidia.com\\\/partenaires\\\/espace-prive-partenaires\\\/#breadcrumb\",\"itemListElement\":[{\"@type\":\"ListItem\",\"position\":1,\"name\":\"Accueil\",\"item\":\"https:\\\/\\\/physidia.com\\\/en\\\/\"},{\"@type\":\"ListItem\",\"position\":2,\"name\":\"Partenaires\",\"item\":\"https:\\\/\\\/physidia.com\\\/de\\\/partner\\\/\"},{\"@type\":\"ListItem\",\"position\":3,\"name\":\"Espace priv\u00e9 partenaire\"}]},{\"@type\":\"WebSite\",\"@id\":\"https:\\\/\\\/physidia.com\\\/en\\\/#website\",\"url\":\"https:\\\/\\\/physidia.com\\\/en\\\/\",\"name\":\"Physidia | H\u00e9modialyse \u00e0 Domicile\",\"description\":\"\",\"publisher\":{\"@id\":\"https:\\\/\\\/physidia.com\\\/en\\\/#organization\"},\"alternateName\":\"Physidia | HDDQ\",\"potentialAction\":[{\"@type\":\"SearchAction\",\"target\":{\"@type\":\"EntryPoint\",\"urlTemplate\":\"https:\\\/\\\/physidia.com\\\/en\\\/?s={search_term_string}\"},\"query-input\":{\"@type\":\"PropertyValueSpecification\",\"valueRequired\":true,\"valueName\":\"search_term_string\"}}],\"inLanguage\":\"es-ES\"},{\"@type\":\"Organization\",\"@id\":\"https:\\\/\\\/physidia.com\\\/en\\\/#organization\",\"name\":\"Physidia\",\"url\":\"https:\\\/\\\/physidia.com\\\/en\\\/\",\"logo\":{\"@type\":\"ImageObject\",\"inLanguage\":\"es-ES\",\"@id\":\"https:\\\/\\\/physidia.com\\\/en\\\/#\\\/schema\\\/logo\\\/image\\\/\",\"url\":\"https:\\\/\\\/www.physidia.com\\\/wp-content\\\/uploads\\\/2024\\\/12\\\/logo-physidia.webp\",\"contentUrl\":\"https:\\\/\\\/www.physidia.com\\\/wp-content\\\/uploads\\\/2024\\\/12\\\/logo-physidia.webp\",\"width\":281,\"height\":283,\"caption\":\"Physidia\"},\"image\":{\"@id\":\"https:\\\/\\\/physidia.com\\\/en\\\/#\\\/schema\\\/logo\\\/image\\\/\"},\"sameAs\":[\"https:\\\/\\\/www.facebook.com\\\/Physidia\",\"https:\\\/\\\/www.linkedin.com\\\/company\\\/physidia\\\/\"],\"description\":\"Entreprise fran\u00e7aise pionni\u00e8re de la dialyse fr\u00e9quente et flexible \u00e0 domicile, Physidia con\u00e7oit et fabrique en France des solutions innovantes pour offrir aux patients dialys\u00e9s plus de libert\u00e9, de s\u00e9r\u00e9nit\u00e9 et une meilleure qualit\u00e9 de vie.\",\"email\":\"contact@physidia.fr\",\"legalName\":\"Physidia S.A.S.\",\"foundingDate\":\"2010-11-01\",\"taxID\":\"528 454 028 00028\",\"numberOfEmployees\":{\"@type\":\"QuantitativeValue\",\"minValue\":\"51\",\"maxValue\":\"200\"},\"publishingPrinciples\":\"https:\\\/\\\/physidia.com\\\/es\\\/mentions-legales\\\/\",\"actionableFeedbackPolicy\":\"https:\\\/\\\/physidia.com\\\/en\\\/privacy-policy\\\/\"}]}<\/script>\n<!-- \/ Yoast SEO Premium plugin. -->","yoast_head_json":{"title":"Espace Priv\u00e9 - Partenaires Physidia - H\u00e9modialyse \u00e0 Domicile","description":"Acc\u00e9dez \u00e0 l\u2019espace priv\u00e9 partenaires de Physidia\u202f: un portail s\u00e9curis\u00e9 pour consulter documents techniques, supports de formation, mises \u00e0 jour produits et ressources marketing d\u00e9di\u00e9s.","robots":{"index":"index","follow":"follow","max-snippet":"max-snippet:-1","max-image-preview":"max-image-preview:large","max-video-preview":"max-video-preview:-1"},"canonical":"https:\/\/physidia.com\/partenaires\/espace-prive-partenaires\/","og_locale":"es_ES","og_type":"article","og_title":"Espace priv\u00e9 partenaire","og_description":"Acc\u00e9dez \u00e0 l\u2019espace priv\u00e9 partenaires de Physidia\u202f: un portail s\u00e9curis\u00e9 pour consulter documents techniques, supports de formation, mises \u00e0 jour produits et ressources marketing d\u00e9di\u00e9s.","og_url":"https:\/\/physidia.com\/partenaires\/espace-prive-partenaires\/","og_site_name":"Physidia","article_publisher":"https:\/\/www.facebook.com\/Physidia","article_modified_time":"2025-07-14T13:27:31+00:00","og_image":[{"width":281,"height":283,"url":"http:\/\/ksa.physidia.com\/wp-content\/uploads\/2024\/12\/logo-physidia.webp","type":"image\/webp"}],"twitter_card":"summary_large_image","twitter_misc":{"Est. reading time":"1 minute"},"schema":{"@context":"https:\/\/schema.org","@graph":[{"@type":"WebPage","@id":"https:\/\/physidia.com\/partenaires\/espace-prive-partenaires\/","url":"https:\/\/physidia.com\/partenaires\/espace-prive-partenaires\/","name":"Espace Priv\u00e9 - Partenaires Physidia - H\u00e9modialyse \u00e0 Domicile","isPartOf":{"@id":"https:\/\/physidia.com\/en\/#website"},"datePublished":"2025-01-31T11:46:55+00:00","dateModified":"2025-07-14T13:27:31+00:00","description":"Acc\u00e9dez \u00e0 l\u2019espace priv\u00e9 partenaires de Physidia\u202f: un portail s\u00e9curis\u00e9 pour consulter documents techniques, supports de formation, mises \u00e0 jour produits et ressources marketing d\u00e9di\u00e9s.","breadcrumb":{"@id":"https:\/\/physidia.com\/partenaires\/espace-prive-partenaires\/#breadcrumb"},"inLanguage":"es-ES","potentialAction":[{"@type":"ReadAction","target":["https:\/\/physidia.com\/partenaires\/espace-prive-partenaires\/"]}]},{"@type":"BreadcrumbList","@id":"https:\/\/physidia.com\/partenaires\/espace-prive-partenaires\/#breadcrumb","itemListElement":[{"@type":"ListItem","position":1,"name":"Accueil","item":"https:\/\/physidia.com\/en\/"},{"@type":"ListItem","position":2,"name":"Partenaires","item":"https:\/\/physidia.com\/de\/partner\/"},{"@type":"ListItem","position":3,"name":"Espace priv\u00e9 partenaire"}]},{"@type":"WebSite","@id":"https:\/\/physidia.com\/en\/#website","url":"https:\/\/physidia.com\/en\/","name":"Physidia | H\u00e9modialyse \u00e0 Domicile","description":"","publisher":{"@id":"https:\/\/physidia.com\/en\/#organization"},"alternateName":"Physidia | HDDQ","potentialAction":[{"@type":"SearchAction","target":{"@type":"EntryPoint","urlTemplate":"https:\/\/physidia.com\/en\/?s={search_term_string}"},"query-input":{"@type":"PropertyValueSpecification","valueRequired":true,"valueName":"search_term_string"}}],"inLanguage":"es-ES"},{"@type":"Organization","@id":"https:\/\/physidia.com\/en\/#organization","name":"Physidia","url":"https:\/\/physidia.com\/en\/","logo":{"@type":"ImageObject","inLanguage":"es-ES","@id":"https:\/\/physidia.com\/en\/#\/schema\/logo\/image\/","url":"https:\/\/www.physidia.com\/wp-content\/uploads\/2024\/12\/logo-physidia.webp","contentUrl":"https:\/\/www.physidia.com\/wp-content\/uploads\/2024\/12\/logo-physidia.webp","width":281,"height":283,"caption":"Physidia"},"image":{"@id":"https:\/\/physidia.com\/en\/#\/schema\/logo\/image\/"},"sameAs":["https:\/\/www.facebook.com\/Physidia","https:\/\/www.linkedin.com\/company\/physidia\/"],"description":"Entreprise fran\u00e7aise pionni\u00e8re de la dialyse fr\u00e9quente et flexible \u00e0 domicile, Physidia con\u00e7oit et fabrique en France des solutions innovantes pour offrir aux patients dialys\u00e9s plus de libert\u00e9, de s\u00e9r\u00e9nit\u00e9 et une meilleure qualit\u00e9 de vie.","email":"contact@physidia.fr","legalName":"Physidia S.A.S.","foundingDate":"2010-11-01","taxID":"528 454 028 00028","numberOfEmployees":{"@type":"QuantitativeValue","minValue":"51","maxValue":"200"},"publishingPrinciples":"https:\/\/physidia.com\/es\/mentions-legales\/","actionableFeedbackPolicy":"https:\/\/physidia.com\/en\/privacy-policy\/"}]}},"_links":{"self":[{"href":"http:\/\/ksa.physidia.com\/es\/wp-json\/wp\/v2\/pages\/872","targetHints":{"allow":["GET"]}}],"collection":[{"href":"http:\/\/ksa.physidia.com\/es\/wp-json\/wp\/v2\/pages"}],"about":[{"href":"http:\/\/ksa.physidia.com\/es\/wp-json\/wp\/v2\/types\/page"}],"author":[{"embeddable":true,"href":"http:\/\/ksa.physidia.com\/es\/wp-json\/wp\/v2\/users\/1"}],"replies":[{"embeddable":true,"href":"http:\/\/ksa.physidia.com\/es\/wp-json\/wp\/v2\/comments?post=872"}],"version-history":[{"count":27,"href":"http:\/\/ksa.physidia.com\/es\/wp-json\/wp\/v2\/pages\/872\/revisions"}],"predecessor-version":[{"id":6319,"href":"http:\/\/ksa.physidia.com\/es\/wp-json\/wp\/v2\/pages\/872\/revisions\/6319"}],"up":[{"embeddable":true,"href":"http:\/\/ksa.physidia.com\/es\/wp-json\/wp\/v2\/pages\/66"}],"wp:attachment":[{"href":"http:\/\/ksa.physidia.com\/es\/wp-json\/wp\/v2\/media?parent=872"}],"curies":[{"name":"wp","href":"https:\/\/api.w.org\/{rel}","templated":true}]}}